{"id":38,"date":"2023-05-29T11:47:02","date_gmt":"2023-05-29T11:47:02","guid":{"rendered":"https:\/\/mammutmedia.com.co\/arquitectura\/?page_id=38"},"modified":"2025-09-06T12:50:40","modified_gmt":"2025-09-06T17:50:40","slug":"servicios","status":"publish","type":"page","link":"https:\/\/mammutmedia.com.co\/arquitectura\/servicios\/","title":{"rendered":"Servicios"},"content":{"rendered":"\t\t<div data-elementor-type=\"wp-page\" data-elementor-id=\"38\" class=\"elementor elementor-38\">\n\t\t\t\t\t\t<section class=\"elementor-section elementor-top-section elementor-element elementor-element-bdc10f0 elementor-section-boxed elementor-section-height-default elementor-section-height-default\" data-id=\"bdc10f0\" data-element_type=\"section\" data-e-type=\"section\" data-settings=\"{&quot;wdt_bg_image&quot;:{&quot;url&quot;:&quot;&quot;,&quot;id&quot;:&quot;&quot;,&quot;size&quot;:&quot;&quot;},&quot;wdt_bg_image_widescreen&quot;:{&quot;url&quot;:&quot;&quot;,&quot;id&quot;:&quot;&quot;,&quot;size&quot;:&quot;&quot;},&quot;wdt_bg_image_laptop&quot;:{&quot;url&quot;:&quot;&quot;,&quot;id&quot;:&quot;&quot;,&quot;size&quot;:&quot;&quot;},&quot;wdt_bg_image_tablet_extra&quot;:{&quot;url&quot;:&quot;&quot;,&quot;id&quot;:&quot;&quot;,&quot;size&quot;:&quot;&quot;},&quot;wdt_bg_image_tablet&quot;:{&quot;url&quot;:&quot;&quot;,&quot;id&quot;:&quot;&quot;,&quot;size&quot;:&quot;&quot;},&quot;wdt_bg_image_mobile_extra&quot;:{&quot;url&quot;:&quot;&quot;,&quot;id&quot;:&quot;&quot;,&quot;size&quot;:&quot;&quot;},&quot;wdt_bg_image_mobile&quot;:{&quot;url&quot;:&quot;&quot;,&quot;id&quot;:&quot;&quot;,&quot;size&quot;:&quot;&quot;},&quot;wdt_bg_position&quot;:&quot;center center&quot;,&quot;wdt_animation_effect&quot;:&quot;none&quot;}\">\n\t\t\t\t\t\t<div class=\"elementor-container elementor-column-gap-no\">\n\t\t\t\t\t<div class=\"elementor-column elementor-col-100 elementor-top-column elementor-element elementor-element-5de33a3\" data-id=\"5de33a3\" data-element_type=\"column\" data-e-type=\"column\">\n\t\t\t<div class=\"elementor-widget-wrap elementor-element-populated\">\n\t\t\t\t\t\t<section class=\"elementor-section elementor-inner-section elementor-element elementor-element-4211f13 elementor-section-full_width elementor-section-content-middle elementor-section-height-default elementor-section-height-default\" data-id=\"4211f13\" data-element_type=\"section\" data-e-type=\"section\" data-settings=\"{&quot;wdt_bg_image&quot;:{&quot;url&quot;:&quot;&quot;,&quot;id&quot;:&quot;&quot;,&quot;size&quot;:&quot;&quot;},&quot;wdt_bg_image_widescreen&quot;:{&quot;url&quot;:&quot;&quot;,&quot;id&quot;:&quot;&quot;,&quot;size&quot;:&quot;&quot;},&quot;wdt_bg_image_laptop&quot;:{&quot;url&quot;:&quot;&quot;,&quot;id&quot;:&quot;&quot;,&quot;size&quot;:&quot;&quot;},&quot;wdt_bg_image_tablet_extra&quot;:{&quot;url&quot;:&quot;&quot;,&quot;id&quot;:&quot;&quot;,&quot;size&quot;:&quot;&quot;},&quot;wdt_bg_image_tablet&quot;:{&quot;url&quot;:&quot;&quot;,&quot;id&quot;:&quot;&quot;,&quot;size&quot;:&quot;&quot;},&quot;wdt_bg_image_mobile_extra&quot;:{&quot;url&quot;:&quot;&quot;,&quot;id&quot;:&quot;&quot;,&quot;size&quot;:&quot;&quot;},&quot;wdt_bg_image_mobile&quot;:{&quot;url&quot;:&quot;&quot;,&quot;id&quot;:&quot;&quot;,&quot;size&quot;:&quot;&quot;},&quot;wdt_bg_position&quot;:&quot;center center&quot;,&quot;wdt_animation_effect&quot;:&quot;none&quot;}\">\n\t\t\t\t\t\t<div class=\"elementor-container elementor-column-gap-no\">\n\t\t\t\t\t<div class=\"elementor-column elementor-col-33 elementor-inner-column elementor-element elementor-element-1d03baf\" data-id=\"1d03baf\" data-element_type=\"column\" data-e-type=\"column\">\n\t\t\t<div class=\"elementor-widget-wrap elementor-element-populated\">\n\t\t\t\t\t\t<div class=\"elementor-element elementor-element-8c0cf7a elementor-widget__width-auto elementor-view-default elementor-widget elementor-widget-icon\" data-id=\"8c0cf7a\" data-element_type=\"widget\" data-e-type=\"widget\" data-settings=\"{&quot;wdt_animation_effect&quot;:&quot;none&quot;}\" data-widget_type=\"icon.default\">\n\t\t\t\t<div class=\"elementor-widget-container\">\n\t\t\t\t\t\t\t<div class=\"elementor-icon-wrapper\">\n\t\t\t<div class=\"elementor-icon\">\n\t\t\t<i aria-hidden=\"true\" class=\"fas fa-lightbulb\"><\/i>\t\t\t<\/div>\n\t\t<\/div>\n\t\t\t\t\t\t<\/div>\n\t\t\t\t<\/div>\n\t\t\t\t\t<\/div>\n\t\t<\/div>\n\t\t\t\t<div class=\"elementor-column elementor-col-33 elementor-inner-column elementor-element elementor-element-9948861\" data-id=\"9948861\" data-element_type=\"column\" data-e-type=\"column\">\n\t\t\t<div class=\"elementor-widget-wrap elementor-element-populated\">\n\t\t\t\t\t\t<div class=\"elementor-element elementor-element-b34bf74 elementor-widget elementor-widget-wdt-heading\" data-id=\"b34bf74\" data-element_type=\"widget\" data-e-type=\"widget\" data-settings=\"{&quot;wdt_animation_effect&quot;:&quot;none&quot;}\" data-widget_type=\"wdt-heading.default\">\n\t\t\t\t<div class=\"elementor-widget-container\">\n\t\t\t\t\t<div class=\"wdt-heading-holder \" id=\"wdt-heading-b34bf74\"><h2 class=\"wdt-heading-title-wrapper wdt-heading-align-center wdt-heading-deco-wrapper\"><span class=\"wdt-heading-title\">Grandes ideas, grandes soluciones <\/span><\/h2><\/div>\t\t\t\t<\/div>\n\t\t\t\t<\/div>\n\t\t\t\t\t<\/div>\n\t\t<\/div>\n\t\t\t\t<div class=\"elementor-column elementor-col-33 elementor-inner-column elementor-element elementor-element-9698497\" data-id=\"9698497\" data-element_type=\"column\" data-e-type=\"column\">\n\t\t\t<div class=\"elementor-widget-wrap elementor-element-populated\">\n\t\t\t\t\t\t<div class=\"elementor-element elementor-element-5ecbfaf elementor-widget elementor-widget-wdt-heading\" data-id=\"5ecbfaf\" data-element_type=\"widget\" data-e-type=\"widget\" data-settings=\"{&quot;wdt_animation_effect&quot;:&quot;none&quot;}\" data-widget_type=\"wdt-heading.default\">\n\t\t\t\t<div class=\"elementor-widget-container\">\n\t\t\t\t\t<div class=\"wdt-heading-holder \" id=\"wdt-heading-5ecbfaf\"><div class=\"wdt-heading-content-wrapper\">Nuestra\nfilosof\u00eda, es acompa\u00f1ar a \nnuestros clientes dando lo mejor en \ntodo momento, entendemos que no \nexisten dise\u00f1os perfectos, pero en \nb\u00fasqueda de la perfecci\u00f3n encontraremos \nla excelencia.\n<\/div><\/div>\t\t\t\t<\/div>\n\t\t\t\t<\/div>\n\t\t\t\t\t<\/div>\n\t\t<\/div>\n\t\t\t\t\t<\/div>\n\t\t<\/section>\n\t\t\t\t\t<\/div>\n\t\t<\/div>\n\t\t\t\t\t<\/div>\n\t\t<\/section>\n\t\t\t\t<section class=\"elementor-section elementor-top-section elementor-element elementor-element-4df4e20 elementor-section-boxed elementor-section-height-default elementor-section-height-default\" data-id=\"4df4e20\" data-element_type=\"section\" data-e-type=\"section\" data-settings=\"{&quot;wdt_bg_image&quot;:{&quot;url&quot;:&quot;&quot;,&quot;id&quot;:&quot;&quot;,&quot;size&quot;:&quot;&quot;},&quot;wdt_bg_image_widescreen&quot;:{&quot;url&quot;:&quot;&quot;,&quot;id&quot;:&quot;&quot;,&quot;size&quot;:&quot;&quot;},&quot;wdt_bg_image_laptop&quot;:{&quot;url&quot;:&quot;&quot;,&quot;id&quot;:&quot;&quot;,&quot;size&quot;:&quot;&quot;},&quot;wdt_bg_image_tablet_extra&quot;:{&quot;url&quot;:&quot;&quot;,&quot;id&quot;:&quot;&quot;,&quot;size&quot;:&quot;&quot;},&quot;wdt_bg_image_tablet&quot;:{&quot;url&quot;:&quot;&quot;,&quot;id&quot;:&quot;&quot;,&quot;size&quot;:&quot;&quot;},&quot;wdt_bg_image_mobile_extra&quot;:{&quot;url&quot;:&quot;&quot;,&quot;id&quot;:&quot;&quot;,&quot;size&quot;:&quot;&quot;},&quot;wdt_bg_image_mobile&quot;:{&quot;url&quot;:&quot;&quot;,&quot;id&quot;:&quot;&quot;,&quot;size&quot;:&quot;&quot;},&quot;wdt_bg_position&quot;:&quot;center center&quot;,&quot;wdt_animation_effect&quot;:&quot;none&quot;}\">\n\t\t\t\t\t\t<div class=\"elementor-container elementor-column-gap-no\">\n\t\t\t\t\t<div class=\"elementor-column elementor-col-100 elementor-top-column elementor-element elementor-element-9496096\" data-id=\"9496096\" data-element_type=\"column\" data-e-type=\"column\">\n\t\t\t<div class=\"elementor-widget-wrap elementor-element-populated\">\n\t\t\t\t\t\t<section class=\"elementor-section elementor-inner-section elementor-element elementor-element-8c4c3e5 elementor-section-full_width elementor-section-height-default elementor-section-height-default\" data-id=\"8c4c3e5\" data-element_type=\"section\" data-e-type=\"section\" data-settings=\"{&quot;wdt_bg_image&quot;:{&quot;url&quot;:&quot;&quot;,&quot;id&quot;:&quot;&quot;,&quot;size&quot;:&quot;&quot;},&quot;wdt_bg_image_widescreen&quot;:{&quot;url&quot;:&quot;&quot;,&quot;id&quot;:&quot;&quot;,&quot;size&quot;:&quot;&quot;},&quot;wdt_bg_image_laptop&quot;:{&quot;url&quot;:&quot;&quot;,&quot;id&quot;:&quot;&quot;,&quot;size&quot;:&quot;&quot;},&quot;wdt_bg_image_tablet_extra&quot;:{&quot;url&quot;:&quot;&quot;,&quot;id&quot;:&quot;&quot;,&quot;size&quot;:&quot;&quot;},&quot;wdt_bg_image_tablet&quot;:{&quot;url&quot;:&quot;&quot;,&quot;id&quot;:&quot;&quot;,&quot;size&quot;:&quot;&quot;},&quot;wdt_bg_image_mobile_extra&quot;:{&quot;url&quot;:&quot;&quot;,&quot;id&quot;:&quot;&quot;,&quot;size&quot;:&quot;&quot;},&quot;wdt_bg_image_mobile&quot;:{&quot;url&quot;:&quot;&quot;,&quot;id&quot;:&quot;&quot;,&quot;size&quot;:&quot;&quot;},&quot;wdt_bg_position&quot;:&quot;center center&quot;,&quot;wdt_animation_effect&quot;:&quot;none&quot;}\">\n\t\t\t\t\t\t<div class=\"elementor-container elementor-column-gap-no\">\n\t\t\t\t\t<div class=\"elementor-column elementor-col-100 elementor-inner-column elementor-element elementor-element-49cf3f9\" data-id=\"49cf3f9\" data-element_type=\"column\" data-e-type=\"column\">\n\t\t\t<div class=\"elementor-widget-wrap elementor-element-populated\">\n\t\t\t\t\t\t<div class=\"elementor-element elementor-element-841fb69 wdt-custom-service-list center elementor-widget elementor-widget-wdt-image-box\" data-id=\"841fb69\" data-element_type=\"widget\" data-e-type=\"widget\" data-settings=\"{&quot;columns&quot;:&quot;2&quot;,&quot;columns_tablet&quot;:&quot;1&quot;,&quot;columns_laptop&quot;:2,&quot;columns_tablet_extra&quot;:2,&quot;columns_mobile_extra&quot;:1,&quot;columns_mobile&quot;:1,&quot;carousel_arrows_prev_arrow_vertical_top_indent&quot;:{&quot;unit&quot;:&quot;%&quot;,&quot;size&quot;:&quot;&quot;,&quot;sizes&quot;:[]},&quot;carousel_arrows_prev_arrow_vertical_top_indent_widescreen&quot;:{&quot;unit&quot;:&quot;px&quot;,&quot;size&quot;:&quot;&quot;,&quot;sizes&quot;:[]},&quot;carousel_arrows_prev_arrow_vertical_top_indent_laptop&quot;:{&quot;unit&quot;:&quot;px&quot;,&quot;size&quot;:&quot;&quot;,&quot;sizes&quot;:[]},&quot;carousel_arrows_prev_arrow_vertical_top_indent_tablet_extra&quot;:{&quot;unit&quot;:&quot;px&quot;,&quot;size&quot;:&quot;&quot;,&quot;sizes&quot;:[]},&quot;carousel_arrows_prev_arrow_vertical_top_indent_tablet&quot;:{&quot;unit&quot;:&quot;%&quot;,&quot;size&quot;:&quot;&quot;,&quot;sizes&quot;:[]},&quot;carousel_arrows_prev_arrow_vertical_top_indent_mobile_extra&quot;:{&quot;unit&quot;:&quot;px&quot;,&quot;size&quot;:&quot;&quot;,&quot;sizes&quot;:[]},&quot;carousel_arrows_prev_arrow_vertical_top_indent_mobile&quot;:{&quot;unit&quot;:&quot;%&quot;,&quot;size&quot;:&quot;&quot;,&quot;sizes&quot;:[]},&quot;carousel_arrows_prev_arrow_horizontal_left_indent&quot;:{&quot;unit&quot;:&quot;%&quot;,&quot;size&quot;:&quot;&quot;,&quot;sizes&quot;:[]},&quot;carousel_arrows_prev_arrow_horizontal_left_indent_widescreen&quot;:{&quot;unit&quot;:&quot;px&quot;,&quot;size&quot;:&quot;&quot;,&quot;sizes&quot;:[]},&quot;carousel_arrows_prev_arrow_horizontal_left_indent_laptop&quot;:{&quot;unit&quot;:&quot;px&quot;,&quot;size&quot;:&quot;&quot;,&quot;sizes&quot;:[]},&quot;carousel_arrows_prev_arrow_horizontal_left_indent_tablet_extra&quot;:{&quot;unit&quot;:&quot;px&quot;,&quot;size&quot;:&quot;&quot;,&quot;sizes&quot;:[]},&quot;carousel_arrows_prev_arrow_horizontal_left_indent_tablet&quot;:{&quot;unit&quot;:&quot;%&quot;,&quot;size&quot;:&quot;&quot;,&quot;sizes&quot;:[]},&quot;carousel_arrows_prev_arrow_horizontal_left_indent_mobile_extra&quot;:{&quot;unit&quot;:&quot;px&quot;,&quot;size&quot;:&quot;&quot;,&quot;sizes&quot;:[]},&quot;carousel_arrows_prev_arrow_horizontal_left_indent_mobile&quot;:{&quot;unit&quot;:&quot;%&quot;,&quot;size&quot;:&quot;&quot;,&quot;sizes&quot;:[]},&quot;carousel_arrows_next_arrow_vertical_top_indent&quot;:{&quot;unit&quot;:&quot;%&quot;,&quot;size&quot;:&quot;&quot;,&quot;sizes&quot;:[]},&quot;carousel_arrows_next_arrow_vertical_top_indent_widescreen&quot;:{&quot;unit&quot;:&quot;px&quot;,&quot;size&quot;:&quot;&quot;,&quot;sizes&quot;:[]},&quot;carousel_arrows_next_arrow_vertical_top_indent_laptop&quot;:{&quot;unit&quot;:&quot;px&quot;,&quot;size&quot;:&quot;&quot;,&quot;sizes&quot;:[]},&quot;carousel_arrows_next_arrow_vertical_top_indent_tablet_extra&quot;:{&quot;unit&quot;:&quot;px&quot;,&quot;size&quot;:&quot;&quot;,&quot;sizes&quot;:[]},&quot;carousel_arrows_next_arrow_vertical_top_indent_tablet&quot;:{&quot;unit&quot;:&quot;%&quot;,&quot;size&quot;:&quot;&quot;,&quot;sizes&quot;:[]},&quot;carousel_arrows_next_arrow_vertical_top_indent_mobile_extra&quot;:{&quot;unit&quot;:&quot;px&quot;,&quot;size&quot;:&quot;&quot;,&quot;sizes&quot;:[]},&quot;carousel_arrows_next_arrow_vertical_top_indent_mobile&quot;:{&quot;unit&quot;:&quot;%&quot;,&quot;size&quot;:&quot;&quot;,&quot;sizes&quot;:[]},&quot;carousel_arrows_next_arrow_horizontal_left_indent&quot;:{&quot;unit&quot;:&quot;%&quot;,&quot;size&quot;:&quot;&quot;,&quot;sizes&quot;:[]},&quot;carousel_arrows_next_arrow_horizontal_left_indent_widescreen&quot;:{&quot;unit&quot;:&quot;px&quot;,&quot;size&quot;:&quot;&quot;,&quot;sizes&quot;:[]},&quot;carousel_arrows_next_arrow_horizontal_left_indent_laptop&quot;:{&quot;unit&quot;:&quot;px&quot;,&quot;size&quot;:&quot;&quot;,&quot;sizes&quot;:[]},&quot;carousel_arrows_next_arrow_horizontal_left_indent_tablet_extra&quot;:{&quot;unit&quot;:&quot;px&quot;,&quot;size&quot;:&quot;&quot;,&quot;sizes&quot;:[]},&quot;carousel_arrows_next_arrow_horizontal_left_indent_tablet&quot;:{&quot;unit&quot;:&quot;%&quot;,&quot;size&quot;:&quot;&quot;,&quot;sizes&quot;:[]},&quot;carousel_arrows_next_arrow_horizontal_left_indent_mobile_extra&quot;:{&quot;unit&quot;:&quot;px&quot;,&quot;size&quot;:&quot;&quot;,&quot;sizes&quot;:[]},&quot;carousel_arrows_next_arrow_horizontal_left_indent_mobile&quot;:{&quot;unit&quot;:&quot;%&quot;,&quot;size&quot;:&quot;&quot;,&quot;sizes&quot;:[]},&quot;wdt_animation_effect&quot;:&quot;none&quot;}\" data-widget_type=\"wdt-image-box.default\">\n\t\t\t\t<div class=\"elementor-widget-container\">\n\t\t\t\t\t<div class=\"wdt-image-box-holder wdt-content-item-holder wdt-column-holder wdt-rc-template-custom-template\" id=\"wdt-image-box-841fb69\" data-settings=\"{&quot;enable_popup&quot;:&quot;&quot;}\"><div class=\"wdt-column-wrapper wdt-column-gap-custom\"><div class=\"wdt-column\"><div class=\"wdt-content-item\"><div class=\"wdt-content-media-group\"><div class=\"wdt-content-image-wrapper \"><div class=\"wdt-content-image\"><a href=\"https:\/\/mammutmedia.com.co\/arquitectura\/servicios\/info-arquitectura\/\"><img fetchpriority=\"high\" decoding=\"async\" width=\"2400\" height=\"1350\" src=\"https:\/\/mammutmedia.com.co\/arquitectura\/wp-content\/uploads\/2025\/06\/Cam-002_B.jpg\" class=\"attachment-full size-full wp-image-1956\" alt=\"\" srcset=\"https:\/\/mammutmedia.com.co\/arquitectura\/wp-content\/uploads\/2025\/06\/Cam-002_B.jpg 2400w, https:\/\/mammutmedia.com.co\/arquitectura\/wp-content\/uploads\/2025\/06\/Cam-002_B-300x169.jpg 300w, https:\/\/mammutmedia.com.co\/arquitectura\/wp-content\/uploads\/2025\/06\/Cam-002_B-1024x576.jpg 1024w, https:\/\/mammutmedia.com.co\/arquitectura\/wp-content\/uploads\/2025\/06\/Cam-002_B-768x432.jpg 768w, https:\/\/mammutmedia.com.co\/arquitectura\/wp-content\/uploads\/2025\/06\/Cam-002_B-1536x864.jpg 1536w, https:\/\/mammutmedia.com.co\/arquitectura\/wp-content\/uploads\/2025\/06\/Cam-002_B-2048x1152.jpg 2048w, https:\/\/mammutmedia.com.co\/arquitectura\/wp-content\/uploads\/2025\/06\/Cam-002_B-1000x563.jpg 1000w\" sizes=\"(max-width: 2400px) 100vw, 2400px\" \/><\/a><\/div><\/div><div class=\"wdt-content-elements-group wdt-media-group wdt-media-image-default\"><div class=\"wdt-content-button wdt-button-clone\"><a href=\"https:\/\/mammutmedia.com.co\/arquitectura\/servicios\/info-arquitectura\/\"><div class=\"wdt-button-text\"><span>Ver Soluci\u00f3n<\/span><\/div><\/a><\/div><\/div><\/div><div class=\"wdt-content-detail-group\"><div class=\"wdt-content-title\"><h5><a href=\"https:\/\/mammutmedia.com.co\/arquitectura\/servicios\/info-arquitectura\/\">INFO - ARQUITECTURA<\/a><\/h5><\/div><div class=\"wdt-content-description\">Una imagen impactante puede generar inter\u00e9s y generar una impresi\u00f3n duradera en el p\u00fablico objetivo.<\/div><\/div><\/div><\/div><div class=\"wdt-column\"><div class=\"wdt-content-item\"><div class=\"wdt-content-media-group\"><div class=\"wdt-content-image-wrapper \"><div class=\"wdt-content-image\"><a href=\"https:\/\/mammutmedia.com.co\/arquitectura\/servicios\/diseno-publicitario\/\"><img decoding=\"async\" width=\"1600\" height=\"780\" src=\"https:\/\/mammutmedia.com.co\/arquitectura\/wp-content\/uploads\/2024\/04\/1-2.jpg\" class=\"attachment-full size-full wp-image-1585\" alt=\"\" srcset=\"https:\/\/mammutmedia.com.co\/arquitectura\/wp-content\/uploads\/2024\/04\/1-2.jpg 1600w, https:\/\/mammutmedia.com.co\/arquitectura\/wp-content\/uploads\/2024\/04\/1-2-300x146.jpg 300w, https:\/\/mammutmedia.com.co\/arquitectura\/wp-content\/uploads\/2024\/04\/1-2-1024x499.jpg 1024w, https:\/\/mammutmedia.com.co\/arquitectura\/wp-content\/uploads\/2024\/04\/1-2-768x374.jpg 768w, https:\/\/mammutmedia.com.co\/arquitectura\/wp-content\/uploads\/2024\/04\/1-2-1536x749.jpg 1536w, https:\/\/mammutmedia.com.co\/arquitectura\/wp-content\/uploads\/2024\/04\/1-2-1000x488.jpg 1000w\" sizes=\"(max-width: 1600px) 100vw, 1600px\" \/><\/a><\/div><\/div><div class=\"wdt-content-elements-group wdt-media-group wdt-media-image-default\"><div class=\"wdt-content-button wdt-button-clone\"><a href=\"https:\/\/mammutmedia.com.co\/arquitectura\/servicios\/diseno-publicitario\/\"><div class=\"wdt-button-text\"><span>Ver Soluci\u00f3n<\/span><\/div><\/a><\/div><\/div><\/div><div class=\"wdt-content-detail-group\"><div class=\"wdt-content-title\"><h5><a href=\"https:\/\/mammutmedia.com.co\/arquitectura\/servicios\/diseno-publicitario\/\">DISE\u00d1O PUBLICITARIO<\/a><\/h5><\/div><div class=\"wdt-content-description\">En Mammut Media no solo ilustramos ideas: las proyectamos con fuerza, detalle y visi\u00f3n.<\/div><\/div><\/div><\/div><div class=\"wdt-column\"><div class=\"wdt-content-item\"><div class=\"wdt-content-media-group\"><div class=\"wdt-content-image-wrapper \"><div class=\"wdt-content-image\"><a href=\"https:\/\/mammutmedia.com.co\/arquitectura\/servicios\/diseno-web\/\"><img decoding=\"async\" width=\"1600\" height=\"780\" src=\"https:\/\/mammutmedia.com.co\/arquitectura\/wp-content\/uploads\/2024\/04\/1-3.jpg\" class=\"attachment-full size-full wp-image-1632\" alt=\"\" srcset=\"https:\/\/mammutmedia.com.co\/arquitectura\/wp-content\/uploads\/2024\/04\/1-3.jpg 1600w, https:\/\/mammutmedia.com.co\/arquitectura\/wp-content\/uploads\/2024\/04\/1-3-300x146.jpg 300w, https:\/\/mammutmedia.com.co\/arquitectura\/wp-content\/uploads\/2024\/04\/1-3-1024x499.jpg 1024w, https:\/\/mammutmedia.com.co\/arquitectura\/wp-content\/uploads\/2024\/04\/1-3-768x374.jpg 768w, https:\/\/mammutmedia.com.co\/arquitectura\/wp-content\/uploads\/2024\/04\/1-3-1536x749.jpg 1536w, https:\/\/mammutmedia.com.co\/arquitectura\/wp-content\/uploads\/2024\/04\/1-3-1000x488.jpg 1000w\" sizes=\"(max-width: 1600px) 100vw, 1600px\" \/><\/a><\/div><\/div><div class=\"wdt-content-elements-group wdt-media-group wdt-media-image-default\"><div class=\"wdt-content-button wdt-button-clone\"><a href=\"https:\/\/mammutmedia.com.co\/arquitectura\/servicios\/diseno-web\/\"><div class=\"wdt-button-text\"><span>Ver Soluci\u00f3n<\/span><\/div><\/a><\/div><\/div><\/div><div class=\"wdt-content-detail-group\"><div class=\"wdt-content-title\"><h5><a href=\"https:\/\/mammutmedia.com.co\/arquitectura\/servicios\/diseno-web\/\">DISE\u00d1O WEB<\/a><\/h5><\/div><div class=\"wdt-content-description\">convierte esta herramientas efectivas para alcanzar los objetivos comerciales mejorando la visibilidad de la marca.<\/div><\/div><\/div><\/div><div class=\"wdt-column\"><div class=\"wdt-content-item\"><div class=\"wdt-content-media-group\"><div class=\"wdt-content-image-wrapper \"><div class=\"wdt-content-image\"><a href=\"https:\/\/mammutmedia.com.co\/arquitectura\/servicios\/marketing-digital\/\"><img loading=\"lazy\" decoding=\"async\" width=\"1600\" height=\"780\" src=\"https:\/\/mammutmedia.com.co\/arquitectura\/wp-content\/uploads\/2024\/04\/1-4.jpg\" class=\"attachment-full size-full wp-image-1675\" alt=\"\" srcset=\"https:\/\/mammutmedia.com.co\/arquitectura\/wp-content\/uploads\/2024\/04\/1-4.jpg 1600w, https:\/\/mammutmedia.com.co\/arquitectura\/wp-content\/uploads\/2024\/04\/1-4-300x146.jpg 300w, https:\/\/mammutmedia.com.co\/arquitectura\/wp-content\/uploads\/2024\/04\/1-4-1024x499.jpg 1024w, https:\/\/mammutmedia.com.co\/arquitectura\/wp-content\/uploads\/2024\/04\/1-4-768x374.jpg 768w, https:\/\/mammutmedia.com.co\/arquitectura\/wp-content\/uploads\/2024\/04\/1-4-1536x749.jpg 1536w, https:\/\/mammutmedia.com.co\/arquitectura\/wp-content\/uploads\/2024\/04\/1-4-1000x488.jpg 1000w\" sizes=\"(max-width: 1600px) 100vw, 1600px\" \/><\/a><\/div><\/div><div class=\"wdt-content-elements-group wdt-media-group wdt-media-image-default\"><div class=\"wdt-content-button wdt-button-clone\"><a href=\"https:\/\/mammutmedia.com.co\/arquitectura\/servicios\/marketing-digital\/\"><div class=\"wdt-button-text\"><span>Ver Soluci\u00f3n<\/span><\/div><\/a><\/div><\/div><\/div><div class=\"wdt-content-detail-group\"><div class=\"wdt-content-title\"><h5><a href=\"https:\/\/mammutmedia.com.co\/arquitectura\/servicios\/marketing-digital\/\">MARKETING DIGITAL<\/a><\/h5><\/div><div class=\"wdt-content-description\">Trabajamos en sincron\u00eda para que tu propuesta se vea profesional, clara y visualmente impecable, ya sea en una pantalla, en papel.<\/div><\/div><\/div><\/div><\/div><\/div>\t\t\t\t<\/div>\n\t\t\t\t<\/div>\n\t\t\t\t\t<\/div>\n\t\t<\/div>\n\t\t\t\t\t<\/div>\n\t\t<\/section>\n\t\t\t\t\t<\/div>\n\t\t<\/div>\n\t\t\t\t\t<\/div>\n\t\t<\/section>\n\t\t\t\t<\/div>\n\t\t","protected":false},"excerpt":{"rendered":"<p>Grandes ideas, grandes soluciones Nuestra filosof\u00eda, es acompa\u00f1ar a nuestros clientes dando lo mejor en todo momento, entendemos que no existen dise\u00f1os perfectos, pero en b\u00fasqueda de la perfecci\u00f3n encontraremos la excelencia. Ver Soluci\u00f3n INFO &#8211; ARQUITECTURA Una imagen impactante puede generar inter\u00e9s y generar una impresi\u00f3n duradera en el p\u00fablico objetivo.Ver Soluci\u00f3n DISE\u00d1O PUBLICITARIO [&hellip;]<\/p>\n","protected":false},"author":1,"featured_media":0,"parent":0,"menu_order":0,"comment_status":"closed","ping_status":"closed","template":"elementor_header_footer","meta":{"footnotes":""},"class_list":["post-38","page","type-page","status-publish","hentry"],"acf":[],"_links":{"self":[{"href":"https:\/\/mammutmedia.com.co\/arquitectura\/wp-json\/wp\/v2\/pages\/38","targetHints":{"allow":["GET"]}}],"collection":[{"href":"https:\/\/mammutmedia.com.co\/arquitectura\/wp-json\/wp\/v2\/pages"}],"about":[{"href":"https:\/\/mammutmedia.com.co\/arquitectura\/wp-json\/wp\/v2\/types\/page"}],"author":[{"embeddable":true,"href":"https:\/\/mammutmedia.com.co\/arquitectura\/wp-json\/wp\/v2\/users\/1"}],"replies":[{"embeddable":true,"href":"https:\/\/mammutmedia.com.co\/arquitectura\/wp-json\/wp\/v2\/comments?post=38"}],"version-history":[{"count":70,"href":"https:\/\/mammutmedia.com.co\/arquitectura\/wp-json\/wp\/v2\/pages\/38\/revisions"}],"predecessor-version":[{"id":2062,"href":"https:\/\/mammutmedia.com.co\/arquitectura\/wp-json\/wp\/v2\/pages\/38\/revisions\/2062"}],"wp:attachment":[{"href":"https:\/\/mammutmedia.com.co\/arquitectura\/wp-json\/wp\/v2\/media?parent=38"}],"curies":[{"name":"wp","href":"https:\/\/api.w.org\/{rel}","templated":true}]}}